{"id":325,"date":"2021-07-15T14:54:35","date_gmt":"2021-07-15T12:54:35","guid":{"rendered":"https:\/\/aleredutemps.com\/mentions-legales\/"},"modified":"2021-11-04T09:41:52","modified_gmt":"2021-11-04T08:41:52","slug":"legal-notice","status":"publish","type":"page","link":"https:\/\/aleredutemps.com\/en\/legal-notice\/","title":{"rendered":"Legal Notice"},"content":{"rendered":"<p>[et_pb_section fb_built=&#8221;1&#8243; fullwidth=&#8221;on&#8221; _builder_version=&#8221;4.9.11&#8243; _module_preset=&#8221;default&#8221; locked=&#8221;off&#8221; global_colors_info=&#8221;{}&#8221;][et_pb_fullwidth_header title=&#8221; Legal Notice&#8221; text_orientation=&#8221;center&#8221; _builder_version=&#8221;4.10.7&#8243; _module_preset=&#8221;default&#8221; title_text_color=&#8221;#131113&#8243; title_font_size=&#8221;45px&#8221; content_text_color=&#8221;gcid-18106325-929d-40ac-bd61-583b7ed6a38b&#8221; background_enable_color=&#8221;off&#8221; background_image=&#8221;https:\/\/aleredutemps.com\/wp-content\/uploads\/2021\/08\/IMG_7720.jpg&#8221; custom_padding=&#8221;85px||85px||true|false&#8221; custom_padding_tablet=&#8221;20px||20px||true|false&#8221; custom_padding_phone=&#8221;&#8221; custom_padding_last_edited=&#8221;on|desktop&#8221; title_font_size_tablet=&#8221;&#8221; title_font_size_phone=&#8221;34px&#8221; title_font_size_last_edited=&#8221;on|phone&#8221; content_font_size_tablet=&#8221;&#8221; content_font_size_phone=&#8221;16px&#8221; content_font_size_last_edited=&#8221;on|phone&#8221; background_last_edited=&#8221;on|phone&#8221; background_enable_image_tablet=&#8221;off&#8221; global_colors_info=&#8221;{%22gcid-18106325-929d-40ac-bd61-583b7ed6a38b%22:%91%22content_text_color%22%93}&#8221;][\/et_pb_fullwidth_header][\/et_pb_section][et_pb_section fb_built=&#8221;1&#8243; custom_padding_last_edited=&#8221;on|phone&#8221; admin_label=&#8221;section&#8221; _builder_version=&#8221;4.9.11&#8243; custom_padding=&#8221;55px||4px|||&#8221; custom_padding_tablet=&#8221;0px||||false|false&#8221; custom_padding_phone=&#8221;&#8221; global_colors_info=&#8221;{}&#8221;][et_pb_row custom_padding_last_edited=&#8221;on|phone&#8221; admin_label=&#8221;row&#8221; _builder_version=&#8221;4.9.11&#8243; background_size=&#8221;initial&#8221; background_position=&#8221;top_left&#8221; background_repeat=&#8221;repeat&#8221; custom_padding_tablet=&#8221;0px||||false|false&#8221; custom_padding_phone=&#8221;&#8221; global_colors_info=&#8221;{}&#8221;][et_pb_column type=&#8221;4_4&#8243; _builder_version=&#8221;3.25&#8243; custom_padding=&#8221;|||&#8221; global_colors_info=&#8221;{}&#8221; custom_padding__hover=&#8221;|||&#8221;][et_pb_text admin_label=&#8221;Text&#8221; _builder_version=&#8221;4.10.7&#8243; text_text_color=&#8221;gcid-cc2ea0c4-1757-4921-a7a7-7308997ab64b&#8221; header_2_text_color=&#8221;gcid-cc2ea0c4-1757-4921-a7a7-7308997ab64b&#8221; background_size=&#8221;initial&#8221; background_position=&#8221;top_left&#8221; background_repeat=&#8221;repeat&#8221; hover_enabled=&#8221;0&#8243; global_colors_info=&#8221;{%22gcid-cc2ea0c4-1757-4921-a7a7-7308997ab64b%22:%91%22header_2_text_color%22,%22text_text_color%22%93}&#8221; sticky_enabled=&#8221;0&#8243;]<\/p>\n<p><span>Please read the various terms of use of this site carefully before browsing its pages. By connecting to this site, you accept, without reservation, these terms and conditions.<\/span><\/p>\n<p>Also, in accordance with article n \u00b0 6 of Law n \u00b0 2004-575 of June 21, 2004 on confidence in the digital economy, the managers of this website <span> www.aleredutemps.fr <\/span> are :<\/p>\n<p><span><b>Site Editor :<\/b><\/span><\/p>\n<p>A L&#8217;ERE DU TEMPS<br \/>SIRET Number : <span>52946746600015<\/span><br \/>Editorial managers : Ms. <span>Jennifer CHAUMUZART et Mr. Stephane CHAUMUZART<\/span><br \/>123 Av. de Laon 51100 REIMS<br \/>Phone : 03 26 06 16 88<br \/>Email : contact@aleredutemps.fr<br \/>Website : <span>www.aleredutemps.fr<\/span><br \/>Referred to below : the Company<\/p>\n<p><strong>Web hosting :<\/strong><\/p>\n<p>Host : OVH<br \/>SAS with capital of \u20ac 10,069,020<br \/>RCS Lille M\u00e9tropole 424 761 419 00045<br \/>APE code : 2620Z<br \/>TVA number : FR 22 424 761 419<br \/>Head office : 2 rue Kellermann \u2013 59100 Roubaix \u2013 France<\/p>\n<p><span><b>Development :<\/b><\/span><\/p>\n<p><span>KOUL\u00a0<\/span><br \/><span>Soci\u00e9t\u00e9 par actions simplifi\u00e9es with a capital of 1000 \u20ac<\/span><br \/><span>RCS:\u00a0<\/span><span>854 076 437 Reims<\/span><br \/><span>Siret:\u00a0<\/span><span>85407643700029<\/span><br \/><span>Naf Code: 6202A<\/span><br \/>Adress : 9 PLACE ROYALE 51100 REIMS<br \/>Website : www.koul.io<\/p>\n<p><span><b>Terms of use :<\/b><\/span><\/p>\n<p>This site (<span> www.aleredutemps.fr <\/span>) is available in different web languages \u200b\u200b(PHP, HTML5, Javascript, CSS, etc.) for better user comfort and more pleasant graphics.<\/p>\n<p>We recommend that you use modern browsers like Safari, Firefox, Google Chrome, etc.<\/p>\n<p><span>The Koul agency<\/span> uses all the means at its disposal to ensure reliable information and reliable updating of its websites.<\/p>\n<p>However, errors or omissions may occur. The Internet user must therefore ensure the accuracy of the information with the Company, and report any changes to the site that he deems useful. The Company is in no way responsible for the use made of this information, and for any direct or indirect damage that may result from it.<\/p>\n<p><b>Cookies<\/b> <span> <\/span>: The <span> www.aleredutemps.fr <\/span> <span> <\/span> site may ask you to accept cookies in order to statistics and display needs. A <span> cookie <\/span> is information placed on your hard drive by the server of the site you are visiting.<\/p>\n<p>It contains several pieces of data that are stored on your computer in a simple text file that a server accesses to read and save information. Some parts of this site may not be functional without the acceptance of cookies.<\/p>\n<p><b> Hypertext links : <\/b> <span> <\/span> The Company&#8217;s websites may provide links to other websites or other resources available on the Internet. The Company has no means of controlling sites in connection with its websites.<\/p>\n<p>The Company does not answer for the availability of such sites and external sources, nor does it guarantee it. It cannot be held responsible for any damage, of any nature whatsoever, resulting from the content of these sites or external sources, and in particular from the information, products or services they offer, or from any use that may be made of these elements. The risks associated with this use fall fully on the Internet user, who must comply with their conditions of use.<\/p>\n<p>Users, subscribers and visitors to websites may not set up a hyperlink to this site without the express prior authorization of the Company.<\/p>\n<p>In the event that a user or visitor wishes to set up a hyperlink to one of the Company&#8217;s websites, it will be up to him to send an email accessible on the site in order to formulate his request for setting up a hyperlink.<\/p>\n<p>The Company reserves the right to accept or refuse a hyperlink without having to justify its decision.<\/p>\n<p><span><b>Services provided :<\/b><\/span><\/p>\n<p>All of the company&#8217;s activities as well as its information are presented on our website.<\/p>\n<p>The Company strives to provide the website with as accurate information as possible. The information on the site is not exhaustive and the photos are not contractual.<\/p>\n<p>They are given subject to modifications having been made since they were put online. Furthermore, all the information indicated on the <b> <span> <\/span> <\/b> site is given for information only, and is liable to change or evolve without notice.<\/p>\n<p><span><b>Contractual limitations on data :<\/b><\/span><\/p>\n<p>The information on this site is as accurate as possible and the site updated at different times of the year, but may contain inaccuracies or omissions.<\/p>\n<p>If you notice a gap, error or what appears to be a malfunction, please report it by email to contact@aleredutemps.fr, describing the problem as precisely as possible (page with the problem, type of computer and browser used, etc.).<\/p>\n<p>Any downloaded content is done at the user&#8217;s own risk and under his sole responsibility. Consequently, cannot be held responsible for any damage to the user&#8217;s computer or any loss of data resulting from the download.<\/p>\n<p><span>In addition, the user of the site agrees to access the site using recent equipment, which does not contain viruses and with an up-to-date latest generation browser.<\/span><\/p>\n<p>The hypertext links set up within the framework of this website to other resources present on the Internet network can not engage the responsibility of the Company.<\/p>\n<p><span><b>Intellectual property :<\/b><\/span><\/p>\n<p>All the content of this <span> internet <\/span> site, including, without limitation, graphics, images, texts, videos, animations, sounds, logos, gifs and icons as well as their formatting are the exclusive property of the company with the exception of brands, logos or content belonging to other partner companies or authors.<\/p>\n<p>Any reproduction, distribution, modification, adaptation, retransmission or publication, even partial, of these various elements is strictly prohibited without the express written consent of the Company. This representation or reproduction, by any means whatsoever, constitutes an infringement punishable by articles L.335-2 and following of the Code of intellectual property. Failure to comply with this prohibition constitutes an infringement which may engage the civil and criminal liability of the infringer. In addition, the owners of the copied Content could take legal action against you.<\/p>\n<p><span> <b> Litigation : <\/b> <\/span><\/p>\n<p>These conditions of the <span> internet <\/span> site are governed by French law and any dispute or litigation that may arise from the interpretation or execution of these will be the exclusive jurisdiction of the courts on which the head office of the company. The reference language for settling any disputes is French.<\/p>\n<p><span> <b> Personal data : <\/b> <\/span><\/p>\n<p>In general, you are not required to provide us with your personal data when you visit our website.<\/p>\n<p>However, this principle has certain exceptions. Indeed, for certain services offered by our site, we may automatically collect certain information about you when simply browsing our website, in particular : information concerning the use of our site, such as the areas you visit and the services you access, your <span> IP address <\/span>, your browser type, your access times.<\/p>\n<p>Such information is used exclusively for internal statistical purposes, so as to improve the quality of the services offered to you. The databases are protected by the provisions of the law of July 1, 1998 transposing directive 96\/9 of March 11, 1996 on the legal protection of databases.<\/p>\n<p>[\/et_pb_text][\/et_pb_column][\/et_pb_row][\/et_pb_section]<\/p>\n","protected":false},"excerpt":{"rendered":"<p>Please read the various terms of use of this site carefully before browsing its pages. By connecting to this site, you accept, without reservation, these terms and conditions. Also, in accordance with article n \u00b0 6 of Law n \u00b0 2004-575 of June 21, 2004 on confidence in the digital economy, the managers of this [&hellip;]<\/p>\n","protected":false},"author":1,"featured_media":0,"parent":0,"menu_order":0,"comment_status":"closed","ping_status":"closed","template":"","meta":{"_et_pb_use_builder":"on","_et_pb_old_content":"","_et_gb_content_width":"","ngg_post_thumbnail":0,"footnotes":""},"class_list":["post-325","page","type-page","status-publish","hentry"],"yoast_head":"<!-- This site is optimized with the Yoast SEO plugin v21.1 - https:\/\/yoast.com\/wordpress\/plugins\/seo\/ -->\n<title>Creperie A L&#039;Ere Du Temps - Find our legal notices<\/title>\n<meta name=\"description\" content=\"This site is covered by French legislation on copyright and intellectual property. Consult our legal notices to find out more.\" \/>\n<meta name=\"robots\" content=\"index, follow, max-snippet:-1, max-image-preview:large, max-video-preview:-1\" \/>\n<link rel=\"canonical\" href=\"https:\/\/aleredutemps.com\/en\/legal-notice\/\" \/>\n<meta property=\"og:locale\" content=\"en_US\" \/>\n<meta property=\"og:type\" content=\"article\" \/>\n<meta property=\"og:title\" content=\"Creperie A L&#039;Ere Du Temps - Find our legal notices\" \/>\n<meta property=\"og:description\" content=\"This site is covered by French legislation on copyright and intellectual property. Consult our legal notices to find out more.\" \/>\n<meta property=\"og:url\" content=\"https:\/\/aleredutemps.com\/en\/legal-notice\/\" \/>\n<meta property=\"og:site_name\" content=\"A L&#039;Ere Du Temps\" \/>\n<meta property=\"article:modified_time\" content=\"2021-11-04T08:41:52+00:00\" \/>\n<meta name=\"twitter:card\" content=\"summary_large_image\" \/>\n<meta name=\"twitter:label1\" content=\"Est. reading time\" \/>\n\t<meta name=\"twitter:data1\" content=\"7 minutes\" \/>\n<script type=\"application\/ld+json\" class=\"yoast-schema-graph\">{\"@context\":\"https:\/\/schema.org\",\"@graph\":[{\"@type\":\"WebPage\",\"@id\":\"https:\/\/aleredutemps.com\/en\/legal-notice\/\",\"url\":\"https:\/\/aleredutemps.com\/en\/legal-notice\/\",\"name\":\"Creperie A L&#039;Ere Du Temps - Find our legal notices\",\"isPartOf\":{\"@id\":\"https:\/\/aleredutemps.com\/#website\"},\"datePublished\":\"2021-07-15T12:54:35+00:00\",\"dateModified\":\"2021-11-04T08:41:52+00:00\",\"description\":\"This site is covered by French legislation on copyright and intellectual property. Consult our legal notices to find out more.\",\"breadcrumb\":{\"@id\":\"https:\/\/aleredutemps.com\/en\/legal-notice\/#breadcrumb\"},\"inLanguage\":\"en-US\",\"potentialAction\":[{\"@type\":\"ReadAction\",\"target\":[\"https:\/\/aleredutemps.com\/en\/legal-notice\/\"]}]},{\"@type\":\"BreadcrumbList\",\"@id\":\"https:\/\/aleredutemps.com\/en\/legal-notice\/#breadcrumb\",\"itemListElement\":[{\"@type\":\"ListItem\",\"position\":1,\"name\":\"Accueil\",\"item\":\"https:\/\/aleredutemps.com\/\"},{\"@type\":\"ListItem\",\"position\":2,\"name\":\"Legal Notice\"}]},{\"@type\":\"WebSite\",\"@id\":\"https:\/\/aleredutemps.com\/#website\",\"url\":\"https:\/\/aleredutemps.com\/\",\"name\":\"A L&#039;Ere Du Temps\",\"description\":\"Un site utilisant WordPress\",\"potentialAction\":[{\"@type\":\"SearchAction\",\"target\":{\"@type\":\"EntryPoint\",\"urlTemplate\":\"https:\/\/aleredutemps.com\/?s={search_term_string}\"},\"query-input\":\"required name=search_term_string\"}],\"inLanguage\":\"en-US\"}]}<\/script>\n<!-- \/ Yoast SEO plugin. -->","yoast_head_json":{"title":"Creperie A L&#039;Ere Du Temps - Find our legal notices","description":"This site is covered by French legislation on copyright and intellectual property. Consult our legal notices to find out more.","robots":{"index":"index","follow":"follow","max-snippet":"max-snippet:-1","max-image-preview":"max-image-preview:large","max-video-preview":"max-video-preview:-1"},"canonical":"https:\/\/aleredutemps.com\/en\/legal-notice\/","og_locale":"en_US","og_type":"article","og_title":"Creperie A L&#039;Ere Du Temps - Find our legal notices","og_description":"This site is covered by French legislation on copyright and intellectual property. Consult our legal notices to find out more.","og_url":"https:\/\/aleredutemps.com\/en\/legal-notice\/","og_site_name":"A L&#039;Ere Du Temps","article_modified_time":"2021-11-04T08:41:52+00:00","twitter_card":"summary_large_image","twitter_misc":{"Est. reading time":"7 minutes"},"schema":{"@context":"https:\/\/schema.org","@graph":[{"@type":"WebPage","@id":"https:\/\/aleredutemps.com\/en\/legal-notice\/","url":"https:\/\/aleredutemps.com\/en\/legal-notice\/","name":"Creperie A L&#039;Ere Du Temps - Find our legal notices","isPartOf":{"@id":"https:\/\/aleredutemps.com\/#website"},"datePublished":"2021-07-15T12:54:35+00:00","dateModified":"2021-11-04T08:41:52+00:00","description":"This site is covered by French legislation on copyright and intellectual property. Consult our legal notices to find out more.","breadcrumb":{"@id":"https:\/\/aleredutemps.com\/en\/legal-notice\/#breadcrumb"},"inLanguage":"en-US","potentialAction":[{"@type":"ReadAction","target":["https:\/\/aleredutemps.com\/en\/legal-notice\/"]}]},{"@type":"BreadcrumbList","@id":"https:\/\/aleredutemps.com\/en\/legal-notice\/#breadcrumb","itemListElement":[{"@type":"ListItem","position":1,"name":"Accueil","item":"https:\/\/aleredutemps.com\/"},{"@type":"ListItem","position":2,"name":"Legal Notice"}]},{"@type":"WebSite","@id":"https:\/\/aleredutemps.com\/#website","url":"https:\/\/aleredutemps.com\/","name":"A L&#039;Ere Du Temps","description":"Un site utilisant WordPress","potentialAction":[{"@type":"SearchAction","target":{"@type":"EntryPoint","urlTemplate":"https:\/\/aleredutemps.com\/?s={search_term_string}"},"query-input":"required name=search_term_string"}],"inLanguage":"en-US"}]}},"_links":{"self":[{"href":"https:\/\/aleredutemps.com\/en\/wp-json\/wp\/v2\/pages\/325","targetHints":{"allow":["GET"]}}],"collection":[{"href":"https:\/\/aleredutemps.com\/en\/wp-json\/wp\/v2\/pages"}],"about":[{"href":"https:\/\/aleredutemps.com\/en\/wp-json\/wp\/v2\/types\/page"}],"author":[{"embeddable":true,"href":"https:\/\/aleredutemps.com\/en\/wp-json\/wp\/v2\/users\/1"}],"replies":[{"embeddable":true,"href":"https:\/\/aleredutemps.com\/en\/wp-json\/wp\/v2\/comments?post=325"}],"version-history":[{"count":24,"href":"https:\/\/aleredutemps.com\/en\/wp-json\/wp\/v2\/pages\/325\/revisions"}],"predecessor-version":[{"id":2238,"href":"https:\/\/aleredutemps.com\/en\/wp-json\/wp\/v2\/pages\/325\/revisions\/2238"}],"wp:attachment":[{"href":"https:\/\/aleredutemps.com\/en\/wp-json\/wp\/v2\/media?parent=325"}],"curies":[{"name":"wp","href":"https:\/\/api.w.org\/{rel}","templated":true}]}}